{"id":3,"date":"2023-03-28T14:15:27","date_gmt":"2023-03-28T14:15:27","guid":{"rendered":"http:\/\/ingenieria-datos.es\/?page_id=3"},"modified":"2023-04-03T15:35:12","modified_gmt":"2023-04-03T15:35:12","slug":"politica-privacidad","status":"publish","type":"page","link":"https:\/\/ingenieria-datos.es\/?page_id=3","title":{"rendered":"Condiciones legales"},"content":{"rendered":"\n<h3 class=\"wp-block-heading\"><strong>DATOS GENERALES<\/strong><\/h3>\n\n\n\n<p>De acuerdo con el art\u00edculo 10 de la Ley 34\/2002, de 11 de julio, de Servicios de la Sociedad de la Informaci\u00f3n y de Comercio Electr\u00f3nico ponemos a su disposici\u00f3n los siguientes datos:<\/p>\n\n\n\n<p><strong>DATOS IDENTIFICATIVOS Y DE CONTACTO<\/strong><\/p>\n\n\n\n<p><strong class=\"privacy-policy-tutorial\">Nombre del Dominio:&nbsp;<\/strong>ingenieria-datos.es<strong class=\"privacy-policy-tutorial\"><br>Titular del dominio:&nbsp;<\/strong>Servicios integrales de ingenier\u00eda Himansa, slu<strong class=\"privacy-policy-tutorial\"><br>Plaza Venezuela,1<br>NIF: B95612719<br>E-Mail: hola@ingenieria-datos.es<\/strong><\/p>\n\n\n\n<p>En la web&nbsp;ingenieria-datos.es&nbsp;hay una serie de contenidos de car\u00e1cter informativo y su principal objetivo&nbsp;es facilitar a los clientes y al p\u00fablico en general, la informaci\u00f3n relativa a la empresa, a los productos y servicios que se ofrece.<\/p>\n\n\n\n<h3 class=\"wp-block-heading\"><strong>CONDICIONES DE USO<\/strong><\/h3>\n\n\n\n<p>Las condiciones de acceso y uso del presente sitio web se rigen por la legalidad vigente y por el principio de buena fe&nbsp;comprometi\u00e9ndose el usuario a realizar un buen uso de la web. No se permiten conductas que vayan contra la ley, los derechos o intereses de terceros.<\/p>\n\n\n\n<p>Ser usuario de la web de&nbsp;ingenieria-datos.es&nbsp;implica que reconoce haber le\u00eddo y aceptado las presentes condiciones y lo que las extienda la normativa legal aplicable en esta materia. Si por el motivo que fuere no est\u00e1 de acuerdo con estas condiciones no contin\u00fae usando esta web.<\/p>\n\n\n\n<p>Cualquier tipo de notificaci\u00f3n y\/o reclamaci\u00f3n solamente ser\u00e1 v\u00e1lida por notificaci\u00f3n escrita y\/o correo certificado.<\/p>\n\n\n\n<h3 class=\"wp-block-heading\"><strong>RESPONSABILIDADES<\/strong><\/h3>\n\n\n\n<p>Servicios integrales de ingenier\u00eda Himansa, slu&nbsp;no se hace responsable de la informaci\u00f3n y contenidos almacenados en foros, redes sociales o cualesquier otro medio&nbsp;que permita a terceros publicar contenidos de forma independiente en la p\u00e1gina web del prestador.<\/p>\n\n\n\n<p>Sin embargo, teniendo en cuenta los art. 11 y 16 de la LSSI-CE, Servicios integrales de ingenier\u00eda Himansa, slu&nbsp;se compromete a la retirada o en su caso bloqueo de aquellos contenidos que pudieran afectar o contravenir la legislaci\u00f3n nacional o internacional, derechos de terceros o la moral y el orden p\u00fablico.<\/p>\n\n\n\n<p>Tampoco la empresa se responsabilizar\u00e1 de los da\u00f1os y perjuicios que se produzcan por fallos o malas configuraciones del software instalado en el ordenador del internauta.&nbsp;Se excluye toda responsabilidad por alguna incidencia t\u00e9cnica o fallo que se produzca cuando el usuario se conecte a internet. Igualmente no se garantiza la inexistencia de interrupciones o errores en el acceso al sitio web.<\/p>\n\n\n\n<p>As\u00ed mismo, Servicios integrales de ingenier\u00eda Himansa, slu se reserva el derecho a actualizar, modificar o eliminar la informaci\u00f3n contenida en su p\u00e1gina web, as\u00ed como la configuraci\u00f3n o presentaci\u00f3n del mismo, en cualquier momento sin asumir alguna responsabilidad por ello.<\/p>\n\n\n\n<h3 class=\"wp-block-heading\"><strong>PROPIEDAD INTELECTUAL E INDUSTRIAL<\/strong><\/h3>\n\n\n\n<p>Servicios integrales de ingenier\u00eda Himansa, slu es titular de todos los derechos sobre el software de la publicaci\u00f3n digital as\u00ed como de los derechos de propiedad industrial e intelectual referidos a los contenidos que se incluyan, a excepci\u00f3n de los derechos sobre productos y servicios de car\u00e1cter p\u00fablico que no son propiedad de esta empresa.<\/p>\n\n\n\n<p>Ning\u00fan material publicado en esta web podr\u00e1 ser reproducido, copiado o publicado&nbsp;sin el consentimiento por escrito de Servicios integrales de ingenier\u00eda Himansa, slu<\/p>\n\n\n\n<p>Toda la informaci\u00f3n que se reciba en la web, como comentarios, sugerencias o ideas, se considerar\u00e1 cedida&nbsp;a Servicios integrales de ingenier\u00eda Himansa, slu de manera gratuita. No debe enviarse informaci\u00f3n que NO pueda ser tratada de este modo.<\/p>\n\n\n\n<p>Todos los productos y servicios de estas p\u00e1ginas que NO son propiedad de Servicios integrales de ingenier\u00eda Himansa, slu son marcas registradas de sus respectivos propietarios y son reconocidas como tales por nuestra empresa. Solamente aparecen en la web de Servicios integrales de ingenier\u00eda Himansa, slu a efectos de promoci\u00f3n y de recopilaci\u00f3n de informaci\u00f3n. Estos propietarios pueden solicitar la modificaci\u00f3n o eliminaci\u00f3n de la informaci\u00f3n que les pertenece.<\/p>\n\n\n\n<h3 class=\"wp-block-heading\"><strong>LEY APLICABLE Y JURISDICCI\u00d3N<\/strong><\/h3>\n\n\n\n<p>Las presentes condiciones generales se rigen por la legislaci\u00f3n espa\u00f1ola.&nbsp;Para cualquier litigio que pudiera surgir relacionado con el sitio web o la actividad que en \u00e9l se desarrolla ser\u00e1n competentes Juzgados y tribunales de Barakaldo, renunciando expresamente el usuario a cualquier otro fuero que pudiera corresponderle.<\/p>\n","protected":false},"excerpt":{"rendered":"<p>DATOS GENERALES De acuerdo con el art\u00edculo 10 de la Ley 34\/2002, de 11 de julio, de Servicios de la Sociedad de la Informaci\u00f3n y de Comercio Electr\u00f3nico ponemos a su disposici\u00f3n los siguientes datos: DATOS IDENTIFICATIVOS Y DE CONTACTO Nombre del Dominio:&nbsp;ingenieria-datos.esTitular del dominio:&nbsp;Servicios integrales de ingenier\u00eda Himansa, sluPlaza Venezuela,1NIF: B95612719E-Mail: hola@ingenieria-datos.es En la &hellip;<\/p>\n<p class=\"read-more\"> <a class=\"\" href=\"https:\/\/ingenieria-datos.es\/?page_id=3\"> <span class=\"screen-reader-text\">Condiciones legales<\/span> Read More &raquo;<\/a><\/p>\n","protected":false},"author":1,"featured_media":0,"parent":0,"menu_order":0,"comment_status":"closed","ping_status":"open","template":"","meta":{"_uag_custom_page_level_css":"","site-sidebar-layout":"default","site-content-layout":"default","ast-global-header-display":"","ast-main-header-display":"","ast-hfb-above-header-display":"","ast-hfb-below-header-display":"","ast-hfb-mobile-header-display":"","site-post-title":"","ast-breadcrumbs-content":"","ast-featured-img":"","footer-sml-layout":"","theme-transparent-header-meta":"","adv-header-id-meta":"","stick-header-meta":"","header-above-stick-meta":"","header-main-stick-meta":"","header-below-stick-meta":"","footnotes":""},"class_list":["post-3","page","type-page","status-publish","hentry"],"uagb_featured_image_src":{"full":false,"thumbnail":false,"medium":false,"medium_large":false,"large":false,"1536x1536":false,"2048x2048":false},"uagb_author_info":{"display_name":"moni.pendiente@gmail.com","author_link":"https:\/\/ingenieria-datos.es\/?author=1"},"uagb_comment_info":0,"uagb_excerpt":"DATOS GENERALES De acuerdo con el art\u00edculo 10 de la Ley 34\/2002, de 11 de julio, de Servicios de la Sociedad de la Informaci\u00f3n y de Comercio Electr\u00f3nico ponemos a su disposici\u00f3n los siguientes datos: DATOS IDENTIFICATIVOS Y DE CONTACTO Nombre del Dominio:&nbsp;ingenieria-datos.esTitular del dominio:&nbsp;Servicios integrales de ingenier\u00eda Himansa, sluPlaza Venezuela,1NIF: B95612719E-Mail: hola@ingenieria-datos.es En la&hellip;","_links":{"self":[{"href":"https:\/\/ingenieria-datos.es\/index.php?rest_route=\/wp\/v2\/pages\/3"}],"collection":[{"href":"https:\/\/ingenieria-datos.es\/index.php?rest_route=\/wp\/v2\/pages"}],"about":[{"href":"https:\/\/ingenieria-datos.es\/index.php?rest_route=\/wp\/v2\/types\/page"}],"author":[{"embeddable":true,"href":"https:\/\/ingenieria-datos.es\/index.php?rest_route=\/wp\/v2\/users\/1"}],"replies":[{"embeddable":true,"href":"https:\/\/ingenieria-datos.es\/index.php?rest_route=%2Fwp%2Fv2%2Fcomments&post=3"}],"version-history":[{"count":3,"href":"https:\/\/ingenieria-datos.es\/index.php?rest_route=\/wp\/v2\/pages\/3\/revisions"}],"predecessor-version":[{"id":2532,"href":"https:\/\/ingenieria-datos.es\/index.php?rest_route=\/wp\/v2\/pages\/3\/revisions\/2532"}],"wp:attachment":[{"href":"https:\/\/ingenieria-datos.es\/index.php?rest_route=%2Fwp%2Fv2%2Fmedia&parent=3"}],"curies":[{"name":"wp","href":"https:\/\/api.w.org\/{rel}","templated":true}]}}