{"id":2515,"date":"2023-04-03T15:13:57","date_gmt":"2023-04-03T15:13:57","guid":{"rendered":"https:\/\/ingenieria-datos.es\/?page_id=2515"},"modified":"2023-04-03T15:33:49","modified_gmt":"2023-04-03T15:33:49","slug":"politica-de-privacidad","status":"publish","type":"page","link":"https:\/\/ingenieria-datos.es\/?page_id=2515","title":{"rendered":"Pol\u00edtica de privacidad"},"content":{"rendered":"\n<p>En cumplimiento de lo dispuesto en&nbsp;la Ley Org\u00e1nica 15\/1999, de 13 de Diciembre, de Protecci\u00f3n de Datos de Car\u00e1cter Personal (LOPD)&nbsp;se informa al usuario que todos los datos que nos proporcione ser\u00e1n incorporados a un fichero, creado y mantenido bajo la responsabilidad de&nbsp;Servicios integrales de ingenier\u00eda Himansa,slu.<\/p>\n\n\n\n<p>Siempre&nbsp;se va a respetar la confidencialidad de sus datos personales que s\u00f3lo ser\u00e1n utilizados con la finalidad de gestionar los servicios ofrecidos, atender a las solicitudes que nos plantee, realizar tareas administrativas, as\u00ed como remitir informaci\u00f3n t\u00e9cnica, comercial o publicitaria por v\u00eda ordinaria o electr\u00f3nica.<\/p>\n\n\n\n<p>Servicios integrales de ingenier\u00eda Himansa,slu, presume que los datos han sido introducidos por su titular o por persona autorizada por \u00e9ste, as\u00ed como que son correctos y exactos.<\/p>\n\n\n\n<p>Corresponde al usuario la actualizaci\u00f3n de sus propios datos, no siendo responsable Servicios integrales de ingenier\u00eda Himansa,slu de su exactitud si el usuario no comunica previamente a Servicios integrales de ingenier\u00eda Himansa,slu, cualquier cambio en los mismos.<\/p>\n\n\n\n<p>Para ejercer sus&nbsp;derechos de oposici\u00f3n, rectificaci\u00f3n o cancelaci\u00f3n deber\u00e1 escribirnos al siguiente correo&nbsp;hola@ingenieria-datos.es<\/p>\n","protected":false},"excerpt":{"rendered":"<p>En cumplimiento de lo dispuesto en&nbsp;la Ley Org\u00e1nica 15\/1999, de 13 de Diciembre, de Protecci\u00f3n de Datos de Car\u00e1cter Personal (LOPD)&nbsp;se informa al usuario que todos los datos que nos proporcione ser\u00e1n incorporados a un fichero, creado y mantenido bajo la responsabilidad de&nbsp;Servicios integrales de ingenier\u00eda Himansa,slu. Siempre&nbsp;se va a respetar la confidencialidad de sus &hellip;<\/p>\n<p class=\"read-more\"> <a class=\"\" href=\"https:\/\/ingenieria-datos.es\/?page_id=2515\"> <span class=\"screen-reader-text\">Pol\u00edtica de privacidad<\/span> Read More &raquo;<\/a><\/p>\n","protected":false},"author":1,"featured_media":0,"parent":0,"menu_order":0,"comment_status":"closed","ping_status":"open","template":"","meta":{"_uag_custom_page_level_css":"","site-sidebar-layout":"default","site-content-layout":"default","ast-global-header-display":"","ast-main-header-display":"","ast-hfb-above-header-display":"","ast-hfb-below-header-display":"","ast-hfb-mobile-header-display":"","site-post-title":"","ast-breadcrumbs-content":"","ast-featured-img":"","footer-sml-layout":"","theme-transparent-header-meta":"","adv-header-id-meta":"","stick-header-meta":"","header-above-stick-meta":"","header-main-stick-meta":"","header-below-stick-meta":"","footnotes":""},"class_list":["post-2515","page","type-page","status-publish","hentry"],"uagb_featured_image_src":{"full":false,"thumbnail":false,"medium":false,"medium_large":false,"large":false,"1536x1536":false,"2048x2048":false},"uagb_author_info":{"display_name":"moni.pendiente@gmail.com","author_link":"https:\/\/ingenieria-datos.es\/?author=1"},"uagb_comment_info":0,"uagb_excerpt":"En cumplimiento de lo dispuesto en&nbsp;la Ley Org\u00e1nica 15\/1999, de 13 de Diciembre, de Protecci\u00f3n de Datos de Car\u00e1cter Personal (LOPD)&nbsp;se informa al usuario que todos los datos que nos proporcione ser\u00e1n incorporados a un fichero, creado y mantenido bajo la responsabilidad de&nbsp;Servicios integrales de ingenier\u00eda Himansa,slu. Siempre&nbsp;se va a respetar la confidencialidad de sus&hellip;","_links":{"self":[{"href":"https:\/\/ingenieria-datos.es\/index.php?rest_route=\/wp\/v2\/pages\/2515"}],"collection":[{"href":"https:\/\/ingenieria-datos.es\/index.php?rest_route=\/wp\/v2\/pages"}],"about":[{"href":"https:\/\/ingenieria-datos.es\/index.php?rest_route=\/wp\/v2\/types\/page"}],"author":[{"embeddable":true,"href":"https:\/\/ingenieria-datos.es\/index.php?rest_route=\/wp\/v2\/users\/1"}],"replies":[{"embeddable":true,"href":"https:\/\/ingenieria-datos.es\/index.php?rest_route=%2Fwp%2Fv2%2Fcomments&post=2515"}],"version-history":[{"count":2,"href":"https:\/\/ingenieria-datos.es\/index.php?rest_route=\/wp\/v2\/pages\/2515\/revisions"}],"predecessor-version":[{"id":2531,"href":"https:\/\/ingenieria-datos.es\/index.php?rest_route=\/wp\/v2\/pages\/2515\/revisions\/2531"}],"wp:attachment":[{"href":"https:\/\/ingenieria-datos.es\/index.php?rest_route=%2Fwp%2Fv2%2Fmedia&parent=2515"}],"curies":[{"name":"wp","href":"https:\/\/api.w.org\/{rel}","templated":true}]}}