{"id":1490,"date":"2022-03-04T03:43:38","date_gmt":"2022-03-04T03:43:38","guid":{"rendered":"https:\/\/ingenieria-datos.es\/?page_id=1490"},"modified":"2023-04-03T15:41:11","modified_gmt":"2023-04-03T15:41:11","slug":"about","status":"publish","type":"page","link":"https:\/\/ingenieria-datos.es\/?page_id=1490","title":{"rendered":"Sobre nosotros"},"content":{"rendered":"\n<div class=\"wp-block-uagb-container uagb-block-cff4d2fe alignfull uagb-is-root-container\"><div class=\"uagb-container-inner-blocks-wrap\">\n<div class=\"wp-block-uagb-info-box uagb-block-ef9cb1a9 uagb-infobox__content-wrap  uagb-infobox-icon-above-title uagb-infobox-image-valign-top\"><div class=\"uagb-ifb-content\"><div class=\"uagb-ifb-title-wrap\"><span class=\"uagb-ifb-title-prefix\">Sobre nosotros<\/span><h4 class=\"uagb-ifb-title\">\u00a1Bienvenidos a nuestra empresa de anal\u00edtica de datos!\u200b<\/h4><\/div><p class=\"uagb-ifb-desc\"> Somos un equipo de cinco personas que nos apasiona el mundo de los datos en todas sus vertientes y queremos ayudar a las empresas a entender mejor su informaci\u00f3n y a utilizarla de manera efectiva.<\/p><\/div><\/div>\n<\/div><\/div>\n\n\n\n<div class=\"wp-block-uagb-container uagb-block-fba18065 alignfull uagb-is-root-container\"><div class=\"uagb-container-inner-blocks-wrap\">\n<div class=\"wp-block-uagb-container uagb-block-7bb2499d\">\n<div class=\"wp-block-uagb-container uagb-block-93c14f56\">\n<div class=\"wp-block-uagb-info-box uagb-block-d3442de8 uagb-infobox__content-wrap  uagb-infobox-icon-above-title uagb-infobox-image-valign-top\"><div class=\"uagb-ifb-content\"><div class=\"uagb-ifb-title-wrap\"><div class=\"uagb-ifb-separator\"><\/div><h3 class=\"uagb-ifb-title\">Quienes somos<\/h3><\/div><p class=\"uagb-ifb-desc\">Nuestro equipo est\u00e1 formado por expertos en diferentes \u00e1reas enfocadas al mundo de los datos.<br>Todos nosotros somos unos apasionados por lo que hacemos,  y nos esforzamos por ofrecer los mejores resultados a nuestros clientes.<\/p><\/div><\/div>\n<\/div>\n\n\n\n<div class=\"wp-block-uagb-container uagb-block-be0b0b42\">\n<div class=\"wp-block-uagb-info-box uagb-block-f41c1fed uagb-infobox__content-wrap  uagb-infobox-icon-above-title uagb-infobox-image-valign-top\"><div class=\"uagb-ifb-content\"><div class=\"uagb-ifb-title-wrap\"><div class=\"uagb-ifb-separator\"><\/div><h3 class=\"uagb-ifb-title\">Nuestra misi\u00f3n<\/h3><\/div><p class=\"uagb-ifb-desc\">En nuestra empresa, creemos en la importancia de la colaboraci\u00f3n y la comunicaci\u00f3n. Trabajamos codo a codo con nuestros clientes para entender sus necesidades y objetivos, y nos aseguramos de que est\u00e9n informados en todo momento sobre el progreso del proyecto.<\/p><\/div><\/div>\n<\/div>\n\n\n\n<div class=\"wp-block-uagb-container uagb-block-836af7e1\">\n<div class=\"wp-block-uagb-info-box uagb-block-7116c6f7 uagb-infobox__content-wrap  uagb-infobox-icon-above-title uagb-infobox-image-valign-top\"><div class=\"uagb-ifb-content\"><div class=\"uagb-ifb-title-wrap\"><div class=\"uagb-ifb-separator\"><\/div><h3 class=\"uagb-ifb-title\">Qu\u00e9 hacemos<\/h3><\/div><p class=\"uagb-ifb-desc\">Nos encargamos de la gesti\u00f3n y an\u00e1lisis de datos para empresas de todos los tama\u00f1os y sectores, proporcionando soluciones personalizadas para cada cliente. Nuestro objetivo es ofrecer una visi\u00f3n clara de sus datos y ayudarles a tomar decisiones informadas basadas en ellos.<\/p><\/div><\/div>\n<\/div>\n<\/div>\n<\/div><\/div>\n\n\n\n<div class=\"wp-block-uagb-container uagb-block-0a0bbe5d alignfull uagb-is-root-container\"><div class=\"uagb-container-inner-blocks-wrap\">\n<h2 class=\"has-text-align-center wp-block-heading\">\u00bfPor qu\u00e9 nosotros?\u200b<\/h2>\n\n\n\n<div class=\"wp-block-columns is-layout-flex wp-container-core-columns-is-layout-1 wp-block-columns-is-layout-flex\">\n<div class=\"wp-block-column is-layout-flow wp-block-column-is-layout-flow\">\n<p>Nos enorgullece decir que hemos ayudado a muchas empresas a mejorar su rendimiento y a tomar decisiones m\u00e1s informadas basadas en sus datos. <\/p>\n\n\n\n<p>Desde peque\u00f1as empresas hasta grandes corporaciones, hemos trabajado con una amplia gama de clientes y estamos emocionados de seguir ayudando a m\u00e1s empresas a alcanzar sus objetivos a trav\u00e9s de la anal\u00edtica de datos.<\/p>\n<\/div>\n\n\n\n<div class=\"wp-block-column is-layout-flow wp-block-column-is-layout-flow\">\n<p>Nos mantenemos siempre actualizados en las \u00faltimas tendencias y tecnolog\u00edas en el mundo de los datos, lo que nos permite ofrecer soluciones innovadoras y eficaces a nuestros clientes.<\/p>\n\n\n\n<p>Valoramos la transparencia y la honestidad. Nos aseguramos de que nuestros clientes sepan exactamente lo que est\u00e1n obteniendo y trabajamos con ellos para encontrar soluciones que se ajusten a sus presupuestos y necesidades.<\/p>\n<\/div>\n<\/div>\n<\/div><\/div>\n\n\n\n<div class=\"wp-block-uagb-container uagb-block-8e42dedf alignfull uagb-is-root-container\"><div class=\"uagb-container-inner-blocks-wrap\">\n<div class=\"wp-block-uagb-container uagb-block-d3bb6c4e\">\n<div class=\"wp-block-uagb-container uagb-block-d1c716c6\">\n<div class=\"wp-block-uagb-advanced-heading uagb-block-63b7800d\"><h3 class=\"uagb-heading-text\">\u00a1No dudes en ponerte en contacto con nosotros!<\/h3><p class=\"uagb-desc-text\">Si est\u00e1s buscando una empresa de confianza para ayudarte a gestionar y analizar tus datos<\/p><\/div>\n<\/div>\n\n\n\n<div class=\"wp-block-uagb-container uagb-block-1efd3ebe\">\n<div class=\"wp-block-uagb-buttons uagb-buttons__outer-wrap uagb-btn__default-btn uagb-btn-tablet__default-btn uagb-btn-mobile__default-btn uagb-block-3670ed90\"><div class=\"uagb-buttons__wrap uagb-buttons-layout-wrap\">\n<div class=\"wp-block-uagb-buttons-child uagb-buttons__outer-wrap uagb-block-09fd0ecc wp-block-button\"><div class=\"uagb-button__wrapper\"><a class=\"uagb-buttons-repeater wp-block-button__link\" href=\"#\" onclick=\"return false;\" rel=\"follow noopener\" target=\"_self\"><div class=\"uagb-button__link\">Contacta<\/div><\/a><\/div><\/div>\n<\/div><\/div>\n<\/div>\n<\/div>\n<\/div><\/div>\n","protected":false},"excerpt":{"rendered":"","protected":false},"author":1,"featured_media":0,"parent":0,"menu_order":0,"comment_status":"closed","ping_status":"closed","template":"","meta":{"_uag_custom_page_level_css":"","site-sidebar-layout":"no-sidebar","site-content-layout":"page-builder","ast-global-header-display":"","ast-main-header-display":"","ast-hfb-above-header-display":"","ast-hfb-below-header-display":"","ast-hfb-mobile-header-display":"","site-post-title":"disabled","ast-breadcrumbs-content":"","ast-featured-img":"disabled","footer-sml-layout":"","theme-transparent-header-meta":"enabled","adv-header-id-meta":"","stick-header-meta":"","header-above-stick-meta":"","header-main-stick-meta":"","header-below-stick-meta":"","footnotes":""},"class_list":["post-1490","page","type-page","status-publish","hentry"],"uagb_featured_image_src":{"full":false,"thumbnail":false,"medium":false,"medium_large":false,"large":false,"1536x1536":false,"2048x2048":false},"uagb_author_info":{"display_name":"moni.pendiente@gmail.com","author_link":"https:\/\/ingenieria-datos.es\/?author=1"},"uagb_comment_info":0,"uagb_excerpt":null,"_links":{"self":[{"href":"https:\/\/ingenieria-datos.es\/index.php?rest_route=\/wp\/v2\/pages\/1490"}],"collection":[{"href":"https:\/\/ingenieria-datos.es\/index.php?rest_route=\/wp\/v2\/pages"}],"about":[{"href":"https:\/\/ingenieria-datos.es\/index.php?rest_route=\/wp\/v2\/types\/page"}],"author":[{"embeddable":true,"href":"https:\/\/ingenieria-datos.es\/index.php?rest_route=\/wp\/v2\/users\/1"}],"replies":[{"embeddable":true,"href":"https:\/\/ingenieria-datos.es\/index.php?rest_route=%2Fwp%2Fv2%2Fcomments&post=1490"}],"version-history":[{"count":6,"href":"https:\/\/ingenieria-datos.es\/index.php?rest_route=\/wp\/v2\/pages\/1490\/revisions"}],"predecessor-version":[{"id":2538,"href":"https:\/\/ingenieria-datos.es\/index.php?rest_route=\/wp\/v2\/pages\/1490\/revisions\/2538"}],"wp:attachment":[{"href":"https:\/\/ingenieria-datos.es\/index.php?rest_route=%2Fwp%2Fv2%2Fmedia&parent=1490"}],"curies":[{"name":"wp","href":"https:\/\/api.w.org\/{rel}","templated":true}]}}