{"id":1488,"date":"2022-03-04T03:42:59","date_gmt":"2022-03-04T03:42:59","guid":{"rendered":"https:\/\/ingenieria-datos.es\/?page_id=1488"},"modified":"2023-04-03T15:39:48","modified_gmt":"2023-04-03T15:39:48","slug":"home","status":"publish","type":"page","link":"https:\/\/ingenieria-datos.es\/","title":{"rendered":"Inicio"},"content":{"rendered":"\n<div class=\"wp-block-uagb-container uagb-block-41ccd6a7 alignfull uagb-is-root-container\"><div class=\"uagb-container-inner-blocks-wrap\">\n<div class=\"wp-block-uagb-container uagb-block-2240ad17\">\n<div class=\"wp-block-uagb-info-box uagb-block-76b094db uagb-infobox__content-wrap  uagb-infobox-icon-above-title uagb-infobox-image-valign-top\"><div class=\"uagb-ifb-content\"><div class=\"uagb-ifb-title-wrap\"><span class=\"uagb-ifb-title-prefix\">Toma decisiones estrat\u00e9gicas basadas en hechos y no en suposiciones<\/span><h1 class=\"uagb-ifb-title\">Potencia tu negocio con an\u00e1lisis de datos inteligentes<\/h1><\/div><p class=\"uagb-ifb-desc\">Impulsa tu negocio a trav\u00e9s de la toma de decisiones inteligentes basadas en datos. Te proporcionamos herramientas y soluciones personalizadas que te permitir\u00e1n aprovechar al m\u00e1ximo tus datos y obtener informaci\u00f3n valiosa<\/p><div class=\"uagb-ifb-button-wrapper wp-block-button\"><a href=\"https:\/\/ingenieria-datos.es\/?page_id=1494\" class=\"uagb-infobox-cta-link wp-block-button__link\" target=\"_self\" rel=\"noopener noreferrer\" onclick=\"return true;\" alt=\"\"><span class=\"uagb-inline-editing\">contacta<\/span><\/a><\/div><\/div><\/div>\n<\/div>\n<\/div><\/div>\n\n\n\n<div class=\"wp-block-uagb-container uagb-block-49d9ce4b alignfull uagb-is-root-container\"><div class=\"uagb-container-inner-blocks-wrap\">\n<div class=\"wp-block-uagb-advanced-heading uagb-block-4dd99aa7\"><h2 class=\"uagb-heading-text\">\u00bfC\u00f3mo te podemos ayudar?\u200b<\/h2><p class=\"uagb-desc-text\">Estos son nuestros servicios con los que podr\u00e1s pasar a un nivel superior basado en la toma de decisiones  y obtendr\u00e1s una ventaja competitiva respecto a tu competencia<\/p><\/div>\n\n\n\n<div class=\"wp-block-uagb-container uagb-block-e9bd9e9c\">\n<div class=\"wp-block-uagb-container uagb-block-6ca202f8\">\n<div class=\"wp-block-uagb-info-box uagb-block-53717223 uagb-infobox__content-wrap  uagb-infobox_cta-type-all uagb-infobox-icon-above-title uagb-infobox-image-valign-top\"><a href=\"https:\/\/ingenieria-datos.es\/?page_id=2460\" class=\"uagb-infobox-link-wrap uagb-infbox__link-to-all\" target=\"_self\" aria-label=\"Infobox Link\" rel=\"noopener noreferrer\" onclick=\"return true;\"><\/a><div class=\"uagb-ifb-content\"><div class=\"uagb-ifb-icon-wrap\"><svg xmlns=\"https:\/\/www.w3.org\/2000\/svg\" viewBox=\"0 0 448 512\"><path d=\"M448 80V128C448 172.2 347.7 208 224 208C100.3 208 0 172.2 0 128V80C0 35.82 100.3 0 224 0C347.7 0 448 35.82 448 80zM393.2 214.7C413.1 207.3 433.1 197.8 448 186.1V288C448 332.2 347.7 368 224 368C100.3 368 0 332.2 0 288V186.1C14.93 197.8 34.02 207.3 54.85 214.7C99.66 230.7 159.5 240 224 240C288.5 240 348.3 230.7 393.2 214.7V214.7zM54.85 374.7C99.66 390.7 159.5 400 224 400C288.5 400 348.3 390.7 393.2 374.7C413.1 367.3 433.1 357.8 448 346.1V432C448 476.2 347.7 512 224 512C100.3 512 0 476.2 0 432V346.1C14.93 357.8 34.02 367.3 54.85 374.7z\"><\/path><\/svg><\/div><div class=\"uagb-ifb-title-wrap\"><h4 class=\"uagb-ifb-title\"><strong>An\u00e1lisis de datos\u200b<\/strong><\/h4><\/div><p class=\"uagb-ifb-desc\">Procesamos, limpiamos y transformamos tus datos para realizar el an\u00e1lisis de datos de tu empresa.<\/p><div class=\"uagb-ifb-button-wrapper wp-block-button\"><\/div><\/div><\/div>\n<\/div>\n\n\n\n<div class=\"wp-block-uagb-container uagb-block-17d924b1\">\n<div class=\"wp-block-uagb-info-box uagb-block-38d86007 uagb-infobox__content-wrap  uagb-infobox_cta-type-all uagb-infobox-icon-above-title uagb-infobox-image-valign-top\"><a href=\"https:\/\/ingenieria-datos.es\/?page_id=2476\" class=\"uagb-infobox-link-wrap uagb-infbox__link-to-all\" target=\"_self\" aria-label=\"Infobox Link\" rel=\"noopener noreferrer\" onclick=\"return true;\"><\/a><div class=\"uagb-ifb-content\"><div class=\"uagb-ifb-icon-wrap\"><svg xmlns=\"https:\/\/www.w3.org\/2000\/svg\" viewBox=\"0 0 576 512\"><path d=\"M128 160C128 142.3 142.3 128 160 128H288C305.7 128 320 142.3 320 160V256C320 273.7 305.7 288 288 288H160C142.3 288 128 273.7 128 256V160zM288 320C323.3 320 352 291.3 352 256V224H416C433.7 224 448 238.3 448 256V352C448 369.7 433.7 384 416 384H288C270.3 384 256 369.7 256 352V320H288zM32 119.4C12.87 108.4 0 87.69 0 64C0 28.65 28.65 0 64 0C87.69 0 108.4 12.87 119.4 32H456.6C467.6 12.87 488.3 0 512 0C547.3 0 576 28.65 576 64C576 87.69 563.1 108.4 544 119.4V392.6C563.1 403.6 576 424.3 576 448C576 483.3 547.3 512 512 512C488.3 512 467.6 499.1 456.6 480H119.4C108.4 499.1 87.69 512 64 512C28.65 512 0 483.3 0 448C0 424.3 12.87 403.6 32 392.6V119.4zM119.4 96C113.8 105.7 105.7 113.8 96 119.4V392.6C105.7 398.2 113.8 406.3 119.4 416H456.6C462.2 406.3 470.3 398.2 480 392.6V119.4C470.3 113.8 462.2 105.7 456.6 96H119.4z\"><\/path><\/svg><\/div><div class=\"uagb-ifb-title-wrap\"><h4 class=\"uagb-ifb-title\"><strong><strong>Consultor\u00eda de datos\u200b<\/strong><\/strong><\/h4><\/div><p class=\"uagb-ifb-desc\">Proporcionamos asesoramiento y orientaci\u00f3n para mejorar tu estrategia de datos y obtener mejores resultados.<\/p><div class=\"uagb-ifb-button-wrapper wp-block-button\"><\/div><\/div><\/div>\n<\/div>\n\n\n\n<div class=\"wp-block-uagb-container uagb-block-e7880b8f\">\n<div class=\"wp-block-uagb-info-box uagb-block-98ca6a2d uagb-infobox__content-wrap  uagb-infobox_cta-type-all uagb-infobox-icon-above-title uagb-infobox-image-valign-top\"><a href=\"https:\/\/ingenieria-datos.es\/?page_id=2484\" class=\"uagb-infobox-link-wrap uagb-infbox__link-to-all\" target=\"_self\" aria-label=\"Infobox Link\" rel=\"noopener noreferrer\" onclick=\"return true;\"><\/a><div class=\"uagb-ifb-content\"><div class=\"uagb-ifb-icon-wrap\"><svg xmlns=\"https:\/\/www.w3.org\/2000\/svg\" viewBox=\"0 0 512 512\"><path d=\"M480 288H32c-17.62 0-32 14.38-32 32v128c0 17.62 14.38 32 32 32h448c17.62 0 32-14.38 32-32v-128C512 302.4 497.6 288 480 288zM352 408c-13.25 0-24-10.75-24-24s10.75-24 24-24s24 10.75 24 24S365.3 408 352 408zM416 408c-13.25 0-24-10.75-24-24s10.75-24 24-24s24 10.75 24 24S429.3 408 416 408zM480 32H32C14.38 32 0 46.38 0 64v128c0 17.62 14.38 32 32 32h448c17.62 0 32-14.38 32-32V64C512 46.38 497.6 32 480 32zM352 152c-13.25 0-24-10.75-24-24S338.8 104 352 104S376 114.8 376 128S365.3 152 352 152zM416 152c-13.25 0-24-10.75-24-24S402.8 104 416 104S440 114.8 440 128S429.3 152 416 152z\"><\/path><\/svg><\/div><div class=\"uagb-ifb-title-wrap\"><h4 class=\"uagb-ifb-title\"><strong><strong><strong>Integraci\u00f3n de sistemas<\/strong><\/strong><\/strong><\/h4><\/div><p class=\"uagb-ifb-desc\">Integramos diversas fuentes de datos de la empresa y los preparamos para el an\u00e1lisis de datos.<\/p><div class=\"uagb-ifb-button-wrapper wp-block-button\"><\/div><\/div><\/div>\n<\/div>\n<\/div>\n\n\n\n<div class=\"wp-block-uagb-container uagb-block-fa57b1a0\">\n<div class=\"wp-block-uagb-container uagb-block-3fdbf715\">\n<div class=\"wp-block-uagb-info-box uagb-block-29991d04 uagb-infobox__content-wrap  uagb-infobox_cta-type-all uagb-infobox-icon-above-title uagb-infobox-image-valign-top\"><a href=\"https:\/\/ingenieria-datos.es\/?page_id=2488\" class=\"uagb-infobox-link-wrap uagb-infbox__link-to-all\" target=\"_self\" aria-label=\"Infobox Link\" rel=\"noopener noreferrer\" onclick=\"return true;\"><\/a><div class=\"uagb-ifb-content\"><div class=\"uagb-ifb-icon-wrap\"><svg xmlns=\"https:\/\/www.w3.org\/2000\/svg\" viewBox=\"0 0 576 512\"><path d=\"M544 0c-17.67 0-32 14.33-32 31.1V480C512 497.7 526.3 512 544 512s32-14.33 32-31.1V31.1C576 14.33 561.7 0 544 0zM160 288C142.3 288 128 302.3 128 319.1v160C128 497.7 142.3 512 160 512s32-14.33 32-31.1V319.1C192 302.3 177.7 288 160 288zM32 384C14.33 384 0 398.3 0 415.1v64C0 497.7 14.33 512 31.1 512S64 497.7 64 480V415.1C64 398.3 49.67 384 32 384zM416 96c-17.67 0-32 14.33-32 31.1V480C384 497.7 398.3 512 416 512s32-14.33 32-31.1V127.1C448 110.3 433.7 96 416 96zM288 192C270.3 192 256 206.3 256 223.1v256C256 497.7 270.3 512 288 512s32-14.33 32-31.1V223.1C320 206.3 305.7 192 288 192z\"><\/path><\/svg><\/div><div class=\"uagb-ifb-title-wrap\"><h4 class=\"uagb-ifb-title\"><strong><strong>Visualizaci\u00f3n de datos\u200b<\/strong>\u200b<\/strong><\/h4><\/div><p class=\"uagb-ifb-desc\">Creamos  visualizaciones de datos atractivas e interactivas que ayuden a comprender mejor los datos y tomar decisiones m\u00e1s informadas.\u200b<\/p><div class=\"uagb-ifb-button-wrapper wp-block-button\"><\/div><\/div><\/div>\n<\/div>\n\n\n\n<div class=\"wp-block-uagb-container uagb-block-543604cc\">\n<div class=\"wp-block-uagb-info-box uagb-block-316e0fc3 uagb-infobox__content-wrap  uagb-infobox_cta-type-all uagb-infobox-icon-above-title uagb-infobox-image-valign-top\"><a href=\"https:\/\/ingenieria-datos.es\/?page_id=2495\" class=\"uagb-infobox-link-wrap uagb-infbox__link-to-all\" target=\"_self\" aria-label=\"Infobox Link\" rel=\"noopener noreferrer\" onclick=\"return true;\"><\/a><div class=\"uagb-ifb-content\"><div class=\"uagb-ifb-icon-wrap\"><svg xmlns=\"https:\/\/www.w3.org\/2000\/svg\" viewBox=\"0 0 512 512\"><path d=\"M512 80C512 98.01 497.7 114.6 473.6 128C444.5 144.1 401.2 155.5 351.3 158.9C347.7 157.2 343.9 155.5 340.1 153.9C300.6 137.4 248.2 128 192 128C183.7 128 175.6 128.2 167.5 128.6L166.4 128C142.3 114.6 128 98.01 128 80C128 35.82 213.1 0 320 0C426 0 512 35.82 512 80V80zM160.7 161.1C170.9 160.4 181.3 160 192 160C254.2 160 309.4 172.3 344.5 191.4C369.3 204.9 384 221.7 384 240C384 243.1 383.3 247.9 381.9 251.7C377.3 264.9 364.1 277 346.9 287.3C346.9 287.3 346.9 287.3 346.9 287.3C346.8 287.3 346.6 287.4 346.5 287.5L346.5 287.5C346.2 287.7 345.9 287.8 345.6 288C310.6 307.4 254.8 320 192 320C132.4 320 79.06 308.7 43.84 290.9C41.97 289.9 40.15 288.1 38.39 288C14.28 274.6 0 258 0 240C0 205.2 53.43 175.5 128 164.6C138.5 163 149.4 161.8 160.7 161.1L160.7 161.1zM391.9 186.6C420.2 182.2 446.1 175.2 468.1 166.1C484.4 159.3 499.5 150.9 512 140.6V176C512 195.3 495.5 213.1 468.2 226.9C453.5 234.3 435.8 240.5 415.8 245.3C415.9 243.6 416 241.8 416 240C416 218.1 405.4 200.1 391.9 186.6V186.6zM384 336C384 354 369.7 370.6 345.6 384C343.8 384.1 342 385.9 340.2 386.9C304.9 404.7 251.6 416 192 416C129.2 416 73.42 403.4 38.39 384C14.28 370.6 .0003 354 .0003 336V300.6C12.45 310.9 27.62 319.3 43.93 326.1C83.44 342.6 135.8 352 192 352C248.2 352 300.6 342.6 340.1 326.1C347.9 322.9 355.4 319.2 362.5 315.2C368.6 311.8 374.3 308 379.7 304C381.2 302.9 382.6 301.7 384 300.6L384 336zM416 278.1C434.1 273.1 452.5 268.6 468.1 262.1C484.4 255.3 499.5 246.9 512 236.6V272C512 282.5 507 293 497.1 302.9C480.8 319.2 452.1 332.6 415.8 341.3C415.9 339.6 416 337.8 416 336V278.1zM192 448C248.2 448 300.6 438.6 340.1 422.1C356.4 415.3 371.5 406.9 384 396.6V432C384 476.2 298 512 192 512C85.96 512 .0003 476.2 .0003 432V396.6C12.45 406.9 27.62 415.3 43.93 422.1C83.44 438.6 135.8 448 192 448z\"><\/path><\/svg><\/div><div class=\"uagb-ifb-title-wrap\"><h4 class=\"uagb-ifb-title\">Modelado de datos\u200b\u200b<strong><strong><strong>\u200b<\/strong>\u200b<\/strong><\/strong><\/h4><\/div><p class=\"uagb-ifb-desc\">Este servicio implica la creaci\u00f3n de modelos matem\u00e1ticos y estad\u00edsticos para predecir el comportamiento futuro y tomar decisiones m\u00e1s informadas.<\/p><div class=\"uagb-ifb-button-wrapper wp-block-button\"><\/div><\/div><\/div>\n<\/div>\n\n\n\n<div class=\"wp-block-uagb-container uagb-block-8eab8cd1\">\n<div class=\"wp-block-uagb-info-box uagb-block-baeeda34 uagb-infobox__content-wrap  uagb-infobox_cta-type-all uagb-infobox-icon-above-title uagb-infobox-image-valign-top\"><a href=\"https:\/\/ingenieria-datos.es\/?page_id=2502\" class=\"uagb-infobox-link-wrap uagb-infbox__link-to-all\" target=\"_self\" aria-label=\"Infobox Link\" rel=\"noopener noreferrer\" onclick=\"return true;\"><\/a><div class=\"uagb-ifb-content\"><div class=\"uagb-ifb-icon-wrap\"><svg xmlns=\"https:\/\/www.w3.org\/2000\/svg\" viewBox=\"0 0 448 512\"><path d=\"M160 80C160 112.8 140.3 140.1 112 153.3V241.1C130.8 230.2 152.7 224 176 224H272C307.3 224 336 195.3 336 160V153.3C307.7 140.1 288 112.8 288 80C288 35.82 323.8 0 368 0C412.2 0 448 35.82 448 80C448 112.8 428.3 140.1 400 153.3V160C400 230.7 342.7 288 272 288H176C140.7 288 112 316.7 112 352V358.7C140.3 371 160 399.2 160 432C160 476.2 124.2 512 80 512C35.82 512 0 476.2 0 432C0 399.2 19.75 371 48 358.7V153.3C19.75 140.1 0 112.8 0 80C0 35.82 35.82 0 80 0C124.2 0 160 35.82 160 80V80zM80 104C93.25 104 104 93.25 104 80C104 66.75 93.25 56 80 56C66.75 56 56 66.75 56 80C56 93.25 66.75 104 80 104zM368 56C354.7 56 344 66.75 344 80C344 93.25 354.7 104 368 104C381.3 104 392 93.25 392 80C392 66.75 381.3 56 368 56zM80 456C93.25 456 104 445.3 104 432C104 418.7 93.25 408 80 408C66.75 408 56 418.7 56 432C56 445.3 66.75 456 80 456z\"><\/path><\/svg><\/div><div class=\"uagb-ifb-title-wrap\"><h4 class=\"uagb-ifb-title\"><strong>Miner\u00eda de datos\u200b<\/strong>\u200b\u200b<\/h4><\/div><p class=\"uagb-ifb-desc\">Usamos  t\u00e9cnicas de miner\u00eda de datos para descubrir patrones ocultos en los datos para poder  tomar decisiones m\u00e1s informadas.<\/p><div class=\"uagb-ifb-button-wrapper wp-block-button\"><\/div><\/div><\/div>\n<\/div>\n<\/div>\n<\/div><\/div>\n\n\n\n<div class=\"wp-block-uagb-container uagb-block-26a80d7a alignfull uagb-is-root-container\"><div class=\"uagb-container-inner-blocks-wrap\">\n<div class=\"wp-block-uagb-container uagb-block-cc442b96\">\n<div class=\"wp-block-uagb-container uagb-block-21fb0161\">\n<div class=\"wp-block-uagb-advanced-heading uagb-block-ecf12c51\"><h3 class=\"uagb-heading-text\">\u00bfQuieres empezar un nuevo proyecto con nosotros?\u200b<\/h3><p class=\"uagb-desc-text\">Ponte en contacto y te explicaremos, sin ning\u00fan tipo de compromiso, las necesidades existentes en la empresa y las implementaciones que se pueden llevar a cabo para mejorar vuestra  competitividad y generar nuevas oportunidades<\/p><\/div>\n<\/div>\n\n\n\n<div class=\"wp-block-uagb-container uagb-block-0d1be5bc\">\n<div class=\"wp-block-uagb-buttons uagb-buttons__outer-wrap uagb-btn__default-btn uagb-btn-tablet__default-btn uagb-btn-mobile__default-btn uagb-block-ea44b04d\"><div class=\"uagb-buttons__wrap uagb-buttons-layout-wrap\">\n<div class=\"wp-block-uagb-buttons-child uagb-buttons__outer-wrap uagb-block-abd321f5 wp-block-button\"><div class=\"uagb-button__wrapper\"><a class=\"uagb-buttons-repeater wp-block-button__link\" href=\"https:\/\/ingenieria-datos.es\/?page_id=1494\" onclick=\"return true;\" rel=\"follow noopener\" target=\"_self\"><div class=\"uagb-button__link\">contacta<\/div><\/a><\/div><\/div>\n<\/div><\/div>\n<\/div>\n<\/div>\n<\/div><\/div>\n","protected":false},"excerpt":{"rendered":"","protected":false},"author":1,"featured_media":0,"parent":0,"menu_order":0,"comment_status":"closed","ping_status":"closed","template":"","meta":{"_uag_custom_page_level_css":"","site-sidebar-layout":"no-sidebar","site-content-layout":"page-builder","ast-global-header-display":"","ast-main-header-display":"","ast-hfb-above-header-display":"","ast-hfb-below-header-display":"","ast-hfb-mobile-header-display":"","site-post-title":"disabled","ast-breadcrumbs-content":"","ast-featured-img":"disabled","footer-sml-layout":"","theme-transparent-header-meta":"enabled","adv-header-id-meta":"","stick-header-meta":"","header-above-stick-meta":"","header-main-stick-meta":"","header-below-stick-meta":"","footnotes":""},"class_list":["post-1488","page","type-page","status-publish","hentry"],"uagb_featured_image_src":{"full":false,"thumbnail":false,"medium":false,"medium_large":false,"large":false,"1536x1536":false,"2048x2048":false},"uagb_author_info":{"display_name":"moni.pendiente@gmail.com","author_link":"https:\/\/ingenieria-datos.es\/?author=1"},"uagb_comment_info":0,"uagb_excerpt":null,"_links":{"self":[{"href":"https:\/\/ingenieria-datos.es\/index.php?rest_route=\/wp\/v2\/pages\/1488"}],"collection":[{"href":"https:\/\/ingenieria-datos.es\/index.php?rest_route=\/wp\/v2\/pages"}],"about":[{"href":"https:\/\/ingenieria-datos.es\/index.php?rest_route=\/wp\/v2\/types\/page"}],"author":[{"embeddable":true,"href":"https:\/\/ingenieria-datos.es\/index.php?rest_route=\/wp\/v2\/users\/1"}],"replies":[{"embeddable":true,"href":"https:\/\/ingenieria-datos.es\/index.php?rest_route=%2Fwp%2Fv2%2Fcomments&post=1488"}],"version-history":[{"count":18,"href":"https:\/\/ingenieria-datos.es\/index.php?rest_route=\/wp\/v2\/pages\/1488\/revisions"}],"predecessor-version":[{"id":2536,"href":"https:\/\/ingenieria-datos.es\/index.php?rest_route=\/wp\/v2\/pages\/1488\/revisions\/2536"}],"wp:attachment":[{"href":"https:\/\/ingenieria-datos.es\/index.php?rest_route=%2Fwp%2Fv2%2Fmedia&parent=1488"}],"curies":[{"name":"wp","href":"https:\/\/api.w.org\/{rel}","templated":true}]}}